{"id":753,"date":"2022-02-02T15:27:00","date_gmt":"2022-02-02T15:27:00","guid":{"rendered":"https:\/\/copiqmisiones.ar\/?page_id=753"},"modified":"2023-04-19T02:32:03","modified_gmt":"2023-04-19T02:32:03","slug":"historia","status":"publish","type":"page","link":"https:\/\/copiqmisiones.ar\/?page_id=753","title":{"rendered":"Historia"},"content":{"rendered":"<p><a title=\"Proyecto de Ley\" href=\"#\"><br \/>\n<img loading=\"lazy\" decoding=\"async\" class=\"aligncenter\" src=\"https:\/\/copiqmisiones.ar\/wp-content\/uploads\/2022\/03\/2017.jpeg\" alt=\"Proyecto de Ley\" width=\"715\" height=\"433\" \/><br \/>\n<\/a><\/p>\n<h4><a title=\"Proyecto de Ley\" href=\"#\">Proyecto de Ley<\/a><\/h4>\n<ul>\n<li>Mayo de 2019<\/li>\n<\/ul>\n<p>El diputado Mart\u00edn Cesino destac\u00f3 que la iniciativa de regular el ejercicio profesional surgi\u00f3 de los instrumentadores quir\u00fargicos y se plasm\u00f3 en un proyecto de ley presentado en Mayo del 2019 y en tr\u00e1mite en el expediente D-52016\/19, que propone sancionar la creaci\u00f3n del Colegio Profesional de Instrumentadores Quir\u00fargicos.<\/p>\n<p>Mayo de 2019<br \/>\n5 de Diciembre de 2019<br \/>\n<a title=\"Primera jornada misionera, en marco del proyecto de ley de la creaci\u00f3n del Colegio Profesional de Instrumentadores Quir\u00fargicos.  \"><br \/>\n<img decoding=\"async\" src=\"https:\/\/copiqmisiones.ar\/wp-content\/uploads\/2022\/02\/Primera-jornada.jpg\" alt=\"Primera jornada misionera, en marco del proyecto de ley de la creaci\u00f3n del Colegio Profesional de Instrumentadores Quir\u00fargicos.  \" \/><br \/>\n<\/a><\/p>\n<h4><a title=\"Primera jornada misionera, en marco del proyecto de ley de la creaci\u00f3n del Colegio Profesional de Instrumentadores Quir\u00fargicos.  \">Primera jornada misionera, en marco del proyecto de ley de la creaci\u00f3n del Colegio Profesional de Instrumentadores Quir\u00fargicos. <\/a><\/h4>\n<ul>\n<li>5 de Diciembre de 2019<\/li>\n<\/ul>\n<p>Profesionales, estudiantes, referentes de la especialidad y autoridades de los Poderes Ejecutivo y Legislativo participan de la primera Jornada Misionera de Instrumentaci\u00f3n Quir\u00fargica, organizada por la <strong>Asociaci\u00f3n Misionera de Instrumentadores Quir\u00fargicos<\/strong>\u00a0con patrocinio de la <b>C\u00e1mara de Representantes.<\/b><\/p>\n<figure class=\"gallery-item\"><img loading=\"lazy\" decoding=\"async\" src=\"https:\/\/copiqmisiones.ar\/wp-content\/uploads\/2022\/03\/14-1.jpg\" sizes=\"auto, (max-width: 567px) 100vw, 567px\" srcset=\"https:\/\/copiqmisiones.ar\/wp-content\/uploads\/2022\/03\/14-1.jpg 567w, https:\/\/copiqmisiones.ar\/wp-content\/uploads\/2022\/03\/14-1-300x200.jpg 300w\" alt=\"\" width=\"567\" height=\"378\" \/><\/figure>\n<figure class=\"gallery-item\"><img loading=\"lazy\" decoding=\"async\" src=\"https:\/\/copiqmisiones.ar\/wp-content\/uploads\/2022\/03\/13-1.jpg\" sizes=\"auto, (max-width: 567px) 100vw, 567px\" srcset=\"https:\/\/copiqmisiones.ar\/wp-content\/uploads\/2022\/03\/13-1.jpg 567w, https:\/\/copiqmisiones.ar\/wp-content\/uploads\/2022\/03\/13-1-300x200.jpg 300w\" alt=\"\" width=\"567\" height=\"378\" \/><\/figure>\n<figure class=\"gallery-item\"><img loading=\"lazy\" decoding=\"async\" src=\"https:\/\/copiqmisiones.ar\/wp-content\/uploads\/2022\/03\/12-1.jpg\" sizes=\"auto, (max-width: 566px) 100vw, 566px\" srcset=\"https:\/\/copiqmisiones.ar\/wp-content\/uploads\/2022\/03\/12-1.jpg 566w, https:\/\/copiqmisiones.ar\/wp-content\/uploads\/2022\/03\/12-1-300x200.jpg 300w\" alt=\"\" width=\"566\" height=\"378\" \/><\/figure>\n<figure class=\"gallery-item\"><img loading=\"lazy\" decoding=\"async\" src=\"https:\/\/copiqmisiones.ar\/wp-content\/uploads\/2022\/03\/11-1.jpg\" sizes=\"auto, (max-width: 567px) 100vw, 567px\" srcset=\"https:\/\/copiqmisiones.ar\/wp-content\/uploads\/2022\/03\/11-1.jpg 567w, https:\/\/copiqmisiones.ar\/wp-content\/uploads\/2022\/03\/11-1-300x200.jpg 300w\" alt=\"\" width=\"567\" height=\"378\" \/><\/figure>\n<figure class=\"gallery-item\"><img loading=\"lazy\" decoding=\"async\" src=\"https:\/\/copiqmisiones.ar\/wp-content\/uploads\/2022\/03\/10-1.jpg\" sizes=\"auto, (max-width: 567px) 100vw, 567px\" srcset=\"https:\/\/copiqmisiones.ar\/wp-content\/uploads\/2022\/03\/10-1.jpg 567w, https:\/\/copiqmisiones.ar\/wp-content\/uploads\/2022\/03\/10-1-300x200.jpg 300w\" alt=\"\" width=\"567\" height=\"378\" \/><\/figure>\n<figure class=\"gallery-item\"><img loading=\"lazy\" decoding=\"async\" src=\"https:\/\/copiqmisiones.ar\/wp-content\/uploads\/2022\/03\/9-1.jpg\" sizes=\"auto, (max-width: 567px) 100vw, 567px\" srcset=\"https:\/\/copiqmisiones.ar\/wp-content\/uploads\/2022\/03\/9-1.jpg 567w, https:\/\/copiqmisiones.ar\/wp-content\/uploads\/2022\/03\/9-1-300x200.jpg 300w\" alt=\"\" width=\"567\" height=\"378\" \/><\/figure>\n<figure class=\"gallery-item\"><img loading=\"lazy\" decoding=\"async\" src=\"https:\/\/copiqmisiones.ar\/wp-content\/uploads\/2022\/03\/8-1.jpg\" sizes=\"auto, (max-width: 567px) 100vw, 567px\" srcset=\"https:\/\/copiqmisiones.ar\/wp-content\/uploads\/2022\/03\/8-1.jpg 567w, https:\/\/copiqmisiones.ar\/wp-content\/uploads\/2022\/03\/8-1-300x200.jpg 300w\" alt=\"\" width=\"567\" height=\"378\" \/><\/figure>\n<figure class=\"gallery-item\"><img loading=\"lazy\" decoding=\"async\" src=\"https:\/\/copiqmisiones.ar\/wp-content\/uploads\/2022\/03\/7-1.jpg\" sizes=\"auto, (max-width: 567px) 100vw, 567px\" srcset=\"https:\/\/copiqmisiones.ar\/wp-content\/uploads\/2022\/03\/7-1.jpg 567w, https:\/\/copiqmisiones.ar\/wp-content\/uploads\/2022\/03\/7-1-300x201.jpg 300w\" alt=\"\" width=\"567\" height=\"379\" \/><\/figure>\n<figure class=\"gallery-item\"><img loading=\"lazy\" decoding=\"async\" src=\"https:\/\/copiqmisiones.ar\/wp-content\/uploads\/2022\/03\/5-2.jpg\" sizes=\"auto, (max-width: 567px) 100vw, 567px\" srcset=\"https:\/\/copiqmisiones.ar\/wp-content\/uploads\/2022\/03\/5-2.jpg 567w, https:\/\/copiqmisiones.ar\/wp-content\/uploads\/2022\/03\/5-2-300x200.jpg 300w\" alt=\"\" width=\"567\" height=\"378\" \/><\/figure>\n<figure class=\"gallery-item\"><img loading=\"lazy\" decoding=\"async\" src=\"https:\/\/copiqmisiones.ar\/wp-content\/uploads\/2022\/03\/4-2.jpg\" sizes=\"auto, (max-width: 567px) 100vw, 567px\" srcset=\"https:\/\/copiqmisiones.ar\/wp-content\/uploads\/2022\/03\/4-2.jpg 567w, https:\/\/copiqmisiones.ar\/wp-content\/uploads\/2022\/03\/4-2-300x200.jpg 300w\" alt=\"\" width=\"567\" height=\"378\" \/><\/figure>\n<figure class=\"gallery-item\"><img loading=\"lazy\" decoding=\"async\" src=\"https:\/\/copiqmisiones.ar\/wp-content\/uploads\/2022\/03\/2-2.jpg\" sizes=\"auto, (max-width: 567px) 100vw, 567px\" srcset=\"https:\/\/copiqmisiones.ar\/wp-content\/uploads\/2022\/03\/2-2.jpg 567w, https:\/\/copiqmisiones.ar\/wp-content\/uploads\/2022\/03\/2-2-300x200.jpg 300w\" alt=\"\" width=\"567\" height=\"378\" \/><\/figure>\n<figure class=\"gallery-item\"><img loading=\"lazy\" decoding=\"async\" src=\"https:\/\/copiqmisiones.ar\/wp-content\/uploads\/2022\/03\/1-1.jpg\" sizes=\"auto, (max-width: 567px) 100vw, 567px\" srcset=\"https:\/\/copiqmisiones.ar\/wp-content\/uploads\/2022\/03\/1-1.jpg 567w, https:\/\/copiqmisiones.ar\/wp-content\/uploads\/2022\/03\/1-1-300x200.jpg 300w\" alt=\"\" width=\"567\" height=\"378\" \/><\/figure>\n<p><a title=\"La Legislatura crea el Colegio de Instrumentadores Quir\u00fargicos\" href=\"#\"><br \/>\n<img decoding=\"async\" src=\"https:\/\/copiqmisiones.ar\/wp-content\/uploads\/2022\/02\/2020-Creacion-colegio.jpg\" alt=\"La Legislatura crea el Colegio de Instrumentadores Quir\u00fargicos\" \/><br \/>\n<\/a><\/p>\n<h4><a title=\"La Legislatura crea el Colegio de Instrumentadores Quir\u00fargicos\" href=\"#\">La Legislatura crea el Colegio de Instrumentadores Quir\u00fargicos<\/a><\/h4>\n<ul>\n<li>27 de Agosto de 2020<\/li>\n<\/ul>\n<p>La nueva asociaci\u00f3n regular\u00e1 la profesi\u00f3n y representar\u00e1 a quienes la ejerzan. Tendr\u00e1 sede en Posadas y jurisdicci\u00f3n en toda la provincia.<\/p>\n<p>27 de Agosto de 2020<br \/>\n21 de Septiembre de 2020<br \/>\n<a title=\"Sanci\u00f3n de Ley de Instrumentadores Quir\u00fargicos\" href=\"#\"><br \/>\n<img decoding=\"async\" src=\"https:\/\/copiqmisiones.ar\/wp-content\/uploads\/2022\/03\/21-Septiembre-2020-1.jpg\" alt=\"Sanci\u00f3n de Ley de Instrumentadores Quir\u00fargicos\" \/><br \/>\n<\/a><\/p>\n<h4><a title=\"Sanci\u00f3n de Ley de Instrumentadores Quir\u00fargicos\" href=\"#\">Sanci\u00f3n de Ley de Instrumentadores Quir\u00fargicos<\/a><\/h4>\n<ul>\n<li>21 de Septiembre de 2020<\/li>\n<\/ul>\n<p>La C\u00e1mara de Representantes de la provincia de Misiones sanciona la Ley de Instrumentadores Quir\u00fargicos.<\/p>\n<p><a title=\"Convocatoria de Inscripci\u00f3n a Padr\u00f3n provisorio\" href=\"#\"><br \/>\n<img decoding=\"async\" src=\"https:\/\/copiqmisiones.ar\/wp-content\/uploads\/2022\/03\/15-de-Julio.jpg\" alt=\"Convocatoria de Inscripci\u00f3n a Padr\u00f3n provisorio\" \/><br \/>\n<\/a><\/p>\n<h4><a title=\"Convocatoria de Inscripci\u00f3n a Padr\u00f3n provisorio\" href=\"#\">Convocatoria de Inscripci\u00f3n a Padr\u00f3n provisorio<\/a><\/h4>\n<ul>\n<li>15 de Julio de 2021<\/li>\n<\/ul>\n<p>Se encomienda a la Direcci\u00f3n General de Personas Jur\u00eddicas y Registro P\u00fablico del Ministerio de Gobierno, convocar a los\u00a0 Instrumentadores Quir\u00fargicos alcanzados por la Ley I &#8211; N\u00b0 171, para la elaboraci\u00f3n de un padr\u00f3n provisorio.<\/p>\n<p>15 de Julio de 2021<br \/>\n13 de Octubre de 2021<br \/>\n<a title=\"Convocatoria a Asamblea y Elecciones\" href=\"#\"><br \/>\n<img decoding=\"async\" src=\"https:\/\/copiqmisiones.ar\/wp-content\/uploads\/2022\/03\/13-de-Octubre.jpg\" alt=\"Convocatoria a Asamblea y Elecciones\" \/><br \/>\n<\/a><\/p>\n<h4><a title=\"Convocatoria a Asamblea y Elecciones\" href=\"#\">Convocatoria a Asamblea y Elecciones<\/a><\/h4>\n<ul>\n<li>13 de Octubre de 2021<\/li>\n<\/ul>\n<p>Se convoca a Asamblea General de Elecci\u00f3n de Autoridades y aprobaci\u00f3n del Estatuto del Colegio de Profesionales de Instrumentadores Quir\u00fargicos de la provincia de Misiones, a realizarse el d\u00eda 30 de Octubre de 2021.<\/p>\n<p><a title=\"Asamblea General de Elecci\u00f3n de Autoridades\" href=\"#\"><br \/>\n<img decoding=\"async\" src=\"https:\/\/copiqmisiones.ar\/wp-content\/uploads\/2022\/03\/1e.jpg\" alt=\"Asamblea General de Elecci\u00f3n de Autoridades\" \/><br \/>\n<\/a><\/p>\n<h4><a title=\"Asamblea General de Elecci\u00f3n de Autoridades\" href=\"#\">Asamblea General de Elecci\u00f3n de Autoridades<\/a><\/h4>\n<ul>\n<li>30 de Octubre de 2021<\/li>\n<\/ul>\n<p>Se realiza la Asamblea General de Elecci\u00f3n de Autoridades, a partir de las 8 hs. en la sede del Colegio Farmac\u00e9utico, sito en calle Rivadavia N\u00b0 2304, de la ciudad de Posadas, Misiones.<\/p>\n<figure class=\"gallery-item\"><img loading=\"lazy\" decoding=\"async\" src=\"https:\/\/copiqmisiones.ar\/wp-content\/uploads\/2022\/03\/2e-300x200.jpg\" sizes=\"auto, (max-width: 300px) 100vw, 300px\" srcset=\"https:\/\/copiqmisiones.ar\/wp-content\/uploads\/2022\/03\/2e-300x200.jpg 300w, https:\/\/copiqmisiones.ar\/wp-content\/uploads\/2022\/03\/2e.jpg 567w\" alt=\"\" width=\"300\" height=\"200\" \/><\/figure>\n<figure class=\"gallery-item\"><img loading=\"lazy\" decoding=\"async\" src=\"https:\/\/copiqmisiones.ar\/wp-content\/uploads\/2022\/03\/3e-300x200.jpg\" sizes=\"auto, (max-width: 300px) 100vw, 300px\" srcset=\"https:\/\/copiqmisiones.ar\/wp-content\/uploads\/2022\/03\/3e-300x200.jpg 300w, https:\/\/copiqmisiones.ar\/wp-content\/uploads\/2022\/03\/3e.jpg 567w\" alt=\"\" width=\"300\" height=\"200\" \/><\/figure>\n<figure class=\"gallery-item\"><img loading=\"lazy\" decoding=\"async\" src=\"https:\/\/copiqmisiones.ar\/wp-content\/uploads\/2022\/03\/4e-300x200.jpg\" sizes=\"auto, (max-width: 300px) 100vw, 300px\" srcset=\"https:\/\/copiqmisiones.ar\/wp-content\/uploads\/2022\/03\/4e-300x200.jpg 300w, https:\/\/copiqmisiones.ar\/wp-content\/uploads\/2022\/03\/4e.jpg 567w\" alt=\"\" width=\"300\" height=\"200\" \/><\/figure>\n<figure class=\"gallery-item\"><img loading=\"lazy\" decoding=\"async\" src=\"https:\/\/copiqmisiones.ar\/wp-content\/uploads\/2022\/03\/6e-300x200.jpg\" sizes=\"auto, (max-width: 300px) 100vw, 300px\" srcset=\"https:\/\/copiqmisiones.ar\/wp-content\/uploads\/2022\/03\/6e-300x200.jpg 300w, https:\/\/copiqmisiones.ar\/wp-content\/uploads\/2022\/03\/6e.jpg 567w\" alt=\"\" width=\"300\" height=\"200\" \/><\/figure>\n<figure class=\"gallery-item\"><img loading=\"lazy\" decoding=\"async\" src=\"https:\/\/copiqmisiones.ar\/wp-content\/uploads\/2022\/03\/7e-300x200.jpg\" sizes=\"auto, (max-width: 300px) 100vw, 300px\" srcset=\"https:\/\/copiqmisiones.ar\/wp-content\/uploads\/2022\/03\/7e-300x200.jpg 300w, https:\/\/copiqmisiones.ar\/wp-content\/uploads\/2022\/03\/7e.jpg 567w\" alt=\"\" width=\"300\" height=\"200\" \/><\/figure>\n<figure class=\"gallery-item\"><img loading=\"lazy\" decoding=\"async\" src=\"https:\/\/copiqmisiones.ar\/wp-content\/uploads\/2022\/03\/8e-300x199.jpg\" sizes=\"auto, (max-width: 300px) 100vw, 300px\" srcset=\"https:\/\/copiqmisiones.ar\/wp-content\/uploads\/2022\/03\/8e-300x199.jpg 300w, https:\/\/copiqmisiones.ar\/wp-content\/uploads\/2022\/03\/8e.jpg 567w\" alt=\"\" width=\"300\" height=\"199\" \/><\/figure>\n<figure class=\"gallery-item\"><img loading=\"lazy\" decoding=\"async\" src=\"https:\/\/copiqmisiones.ar\/wp-content\/uploads\/2022\/03\/9e-300x200.jpg\" sizes=\"auto, (max-width: 300px) 100vw, 300px\" srcset=\"https:\/\/copiqmisiones.ar\/wp-content\/uploads\/2022\/03\/9e-300x200.jpg 300w, https:\/\/copiqmisiones.ar\/wp-content\/uploads\/2022\/03\/9e.jpg 567w\" alt=\"\" width=\"300\" height=\"200\" \/><\/figure>\n<figure class=\"gallery-item\"><img loading=\"lazy\" decoding=\"async\" src=\"https:\/\/copiqmisiones.ar\/wp-content\/uploads\/2022\/03\/11e-300x200.jpg\" sizes=\"auto, (max-width: 300px) 100vw, 300px\" srcset=\"https:\/\/copiqmisiones.ar\/wp-content\/uploads\/2022\/03\/11e-300x200.jpg 300w, https:\/\/copiqmisiones.ar\/wp-content\/uploads\/2022\/03\/11e.jpg 569w\" alt=\"\" width=\"300\" height=\"200\" \/><\/figure>\n<figure class=\"gallery-item\"><img loading=\"lazy\" decoding=\"async\" src=\"https:\/\/copiqmisiones.ar\/wp-content\/uploads\/2022\/03\/15-300x200.jpg\" sizes=\"auto, (max-width: 300px) 100vw, 300px\" srcset=\"https:\/\/copiqmisiones.ar\/wp-content\/uploads\/2022\/03\/15-300x200.jpg 300w, https:\/\/copiqmisiones.ar\/wp-content\/uploads\/2022\/03\/15-768x511.jpg 768w, https:\/\/copiqmisiones.ar\/wp-content\/uploads\/2022\/03\/15.jpg 886w\" alt=\"\" width=\"300\" height=\"200\" \/><\/figure>\n<figure class=\"gallery-item\"><img loading=\"lazy\" decoding=\"async\" src=\"https:\/\/copiqmisiones.ar\/wp-content\/uploads\/2022\/03\/16-300x200.jpg\" sizes=\"auto, (max-width: 300px) 100vw, 300px\" srcset=\"https:\/\/copiqmisiones.ar\/wp-content\/uploads\/2022\/03\/16-300x200.jpg 300w, https:\/\/copiqmisiones.ar\/wp-content\/uploads\/2022\/03\/16-768x511.jpg 768w, https:\/\/copiqmisiones.ar\/wp-content\/uploads\/2022\/03\/16.jpg 886w\" alt=\"\" width=\"300\" height=\"200\" \/><\/figure>\n<figure class=\"gallery-item\"><img loading=\"lazy\" decoding=\"async\" src=\"https:\/\/copiqmisiones.ar\/wp-content\/uploads\/2022\/03\/18-300x200.jpg\" sizes=\"auto, (max-width: 300px) 100vw, 300px\" srcset=\"https:\/\/copiqmisiones.ar\/wp-content\/uploads\/2022\/03\/18-300x200.jpg 300w, https:\/\/copiqmisiones.ar\/wp-content\/uploads\/2022\/03\/18-768x511.jpg 768w, https:\/\/copiqmisiones.ar\/wp-content\/uploads\/2022\/03\/18.jpg 886w\" alt=\"\" width=\"300\" height=\"200\" \/><\/figure>\n<figure class=\"gallery-item\"><img loading=\"lazy\" decoding=\"async\" src=\"https:\/\/copiqmisiones.ar\/wp-content\/uploads\/2022\/03\/19-300x200.jpg\" sizes=\"auto, (max-width: 300px) 100vw, 300px\" srcset=\"https:\/\/copiqmisiones.ar\/wp-content\/uploads\/2022\/03\/19-300x200.jpg 300w, https:\/\/copiqmisiones.ar\/wp-content\/uploads\/2022\/03\/19-768x512.jpg 768w, https:\/\/copiqmisiones.ar\/wp-content\/uploads\/2022\/03\/19.jpg 886w\" alt=\"\" width=\"300\" height=\"200\" \/><\/figure>\n<figure class=\"gallery-item\"><img loading=\"lazy\" decoding=\"async\" src=\"https:\/\/copiqmisiones.ar\/wp-content\/uploads\/2022\/03\/12e-300x209.jpeg\" sizes=\"auto, (max-width: 300px) 100vw, 300px\" srcset=\"https:\/\/copiqmisiones.ar\/wp-content\/uploads\/2022\/03\/12e-300x209.jpeg 300w, https:\/\/copiqmisiones.ar\/wp-content\/uploads\/2022\/03\/12e-1024x714.jpeg 1024w, https:\/\/copiqmisiones.ar\/wp-content\/uploads\/2022\/03\/12e-768x536.jpeg 768w, https:\/\/copiqmisiones.ar\/wp-content\/uploads\/2022\/03\/12e.jpeg 1280w\" alt=\"\" width=\"300\" height=\"209\" \/><\/figure>\n<figure class=\"gallery-item\"><img loading=\"lazy\" decoding=\"async\" src=\"https:\/\/copiqmisiones.ar\/wp-content\/uploads\/2022\/03\/13e-e1646577803530-300x206.jpeg\" sizes=\"auto, (max-width: 300px) 100vw, 300px\" srcset=\"https:\/\/copiqmisiones.ar\/wp-content\/uploads\/2022\/03\/13e-e1646577803530-300x206.jpeg 300w, https:\/\/copiqmisiones.ar\/wp-content\/uploads\/2022\/03\/13e-e1646577803530-768x526.jpeg 768w, https:\/\/copiqmisiones.ar\/wp-content\/uploads\/2022\/03\/13e-e1646577803530.jpeg 835w\" alt=\"\" width=\"300\" height=\"206\" \/><\/figure>\n<p>V\u00eddeo<\/p>\n<p><!-- [if lt IE 9]><![endif]--><br \/>\n<video id=\"video-753-1\" preload=\"metadata\" controls=\"controls\" width=\"640\" height=\"288\"><source type=\"video\/mp4\" src=\"https:\/\/copiqmisiones.ar\/wp-content\/uploads\/2022\/03\/video-elecciones.mp4?_=1\" \/><a href=\"https:\/\/copiqmisiones.ar\/wp-content\/uploads\/2022\/03\/video-elecciones.mp4\">https:\/\/copiqmisiones.ar\/wp-content\/uploads\/2022\/03\/video-elecciones.mp4<\/a><\/video><\/p>\n<p>30 de Octubre de 2021<br \/>\n15 de Diciembre de 2021<br \/>\n<a title=\"Aprobaci\u00f3n de Estatutos Sociales\" href=\"#\"><br \/>\n<img decoding=\"async\" src=\"https:\/\/copiqmisiones.ar\/wp-content\/uploads\/2022\/03\/15-de-Diciembre.jpg\" alt=\"Aprobaci\u00f3n de Estatutos Sociales\" \/><br \/>\n<\/a><\/p>\n<h4><a title=\"Aprobaci\u00f3n de Estatutos Sociales\" href=\"#\">Aprobaci\u00f3n de Estatutos Sociales<\/a><\/h4>\n<ul>\n<li>15 de Diciembre de 2021<\/li>\n<\/ul>\n<p>Se aprueba la Asamblea general ordinaria de elecci\u00f3n de autoridades y los estatutos sociales del Colegio Profesional de Instrumentadores Quir\u00fargicos de la provincia de Misiones.<\/p>\n<p><a title=\"Inicio de Matriculaciones\" href=\"#\"><br \/>\n<img decoding=\"async\" src=\"https:\/\/copiqmisiones.ar\/wp-content\/uploads\/2022\/04\/matriculaciones1-e1648915091147.jpeg\" alt=\"Inicio de Matriculaciones\" \/><br \/>\n<\/a><\/p>\n<h4><a title=\"Inicio de Matriculaciones\" href=\"#\">Inicio de Matriculaciones<\/a><\/h4>\n<ul>\n<li>1 de Abril 2022<\/li>\n<\/ul>\n<p>El 1 de Abril de 2022 se inicia el proceso de matriculaci\u00f3n de los Instrumentadores quir\u00fargicos en la oficina ubicada en \u00a0Av. Tom\u00e1s Guido N\u00b0 1660 \u2013 Posadas \u2013 Misiones.<\/p>\n<p>1 de Abril 2022<\/p>\n","protected":false},"excerpt":{"rendered":"<p>Proyecto de Ley Mayo de 2019 El diputado Mart\u00edn Cesino destac\u00f3 que la iniciativa de regular el ejercicio profesional surgi\u00f3 de los instrumentadores quir\u00fargicos y se plasm\u00f3 en un proyecto de ley presentado en Mayo del 2019 y en tr\u00e1mite en el expediente D-52016\/19, que propone sancionar la creaci\u00f3n del Colegio Profesional de Instrumentadores Quir\u00fargicos. [&hellip;]<\/p>\n","protected":false},"author":1,"featured_media":0,"parent":339,"menu_order":1,"comment_status":"closed","ping_status":"closed","template":"elementor_header_footer","meta":{"_monsterinsights_skip_tracking":false,"_monsterinsights_sitenote_active":false,"_monsterinsights_sitenote_note":"","_monsterinsights_sitenote_category":0,"footnotes":""},"class_list":["post-753","page","type-page","status-publish","hentry","entry"],"_links":{"self":[{"href":"https:\/\/copiqmisiones.ar\/index.php?rest_route=\/wp\/v2\/pages\/753","targetHints":{"allow":["GET"]}}],"collection":[{"href":"https:\/\/copiqmisiones.ar\/index.php?rest_route=\/wp\/v2\/pages"}],"about":[{"href":"https:\/\/copiqmisiones.ar\/index.php?rest_route=\/wp\/v2\/types\/page"}],"author":[{"embeddable":true,"href":"https:\/\/copiqmisiones.ar\/index.php?rest_route=\/wp\/v2\/users\/1"}],"replies":[{"embeddable":true,"href":"https:\/\/copiqmisiones.ar\/index.php?rest_route=%2Fwp%2Fv2%2Fcomments&post=753"}],"version-history":[{"count":109,"href":"https:\/\/copiqmisiones.ar\/index.php?rest_route=\/wp\/v2\/pages\/753\/revisions"}],"predecessor-version":[{"id":1915,"href":"https:\/\/copiqmisiones.ar\/index.php?rest_route=\/wp\/v2\/pages\/753\/revisions\/1915"}],"up":[{"embeddable":true,"href":"https:\/\/copiqmisiones.ar\/index.php?rest_route=\/wp\/v2\/pages\/339"}],"wp:attachment":[{"href":"https:\/\/copiqmisiones.ar\/index.php?rest_route=%2Fwp%2Fv2%2Fmedia&parent=753"}],"curies":[{"name":"wp","href":"https:\/\/api.w.org\/{rel}","templated":true}]}}