{"id":1632,"date":"2022-09-03T17:18:58","date_gmt":"2022-09-03T17:18:58","guid":{"rendered":"https:\/\/copiqmisiones.ar\/?page_id=1632"},"modified":"2023-04-19T02:33:42","modified_gmt":"2023-04-19T02:33:42","slug":"padron","status":"publish","type":"page","link":"https:\/\/copiqmisiones.ar\/?page_id=1632","title":{"rendered":"Padr\u00f3n"},"content":{"rendered":"<h2>Padr\u00f3n de Instrumentadores Quir\u00fargicos Matriculados<\/h2>\n<table>\n<thead>\n<tr>\n<th>N\u00b0 Matr\u00edcula<\/th>\n<th>Apellido y nombre<\/th>\n<\/tr>\n<\/thead>\n<tbody>\n<tr>\n<td>TEC. 001<\/td>\n<td>Martins, Miryan Roxana<\/td>\n<\/tr>\n<tr>\n<td>LIC. 002<\/td>\n<td>Chamorro, Romina Anhal\u00eda<\/td>\n<\/tr>\n<tr>\n<td>LIC. 003<\/td>\n<td>Barrios, Patricia Azucena<\/td>\n<\/tr>\n<tr>\n<td>LIC. 004<\/td>\n<td>Ayala, Marisa Cecilia<\/td>\n<\/tr>\n<tr>\n<td>TEC. 005<\/td>\n<td>N\u00fa\u00f1ez, Rodrigo Andr\u00e9s<\/td>\n<\/tr>\n<tr>\n<td>TEC. 006<\/td>\n<td>Behar, Mar\u00eda Paula<\/td>\n<\/tr>\n<tr>\n<td>TEC. 007<\/td>\n<td>Coutinho Da Silva, Gabriel Hern\u00e1n<\/td>\n<\/tr>\n<tr>\n<td>TEC. 008<\/td>\n<td>Pichkar, Melina Magali<\/td>\n<\/tr>\n<tr>\n<td>LIC. 009<\/td>\n<td>Lugo, Viviana Ang\u00e9lica<\/td>\n<\/tr>\n<tr>\n<td>TEC. 010<\/td>\n<td>Contrera, Edith Marisol<\/td>\n<\/tr>\n<tr>\n<td>LIC. 011<\/td>\n<td>Voynes, Jimena Yanina<\/td>\n<\/tr>\n<tr>\n<td>LIC. 012<\/td>\n<td>Fern\u00e1ndez, Johana Itat\u00ed<\/td>\n<\/tr>\n<tr>\n<td>TEC. 013<\/td>\n<td>Aguilar, Iris Antonella<\/td>\n<\/tr>\n<tr>\n<td>TEC. 014<\/td>\n<td>Mendoza, Silvia Miriam<\/td>\n<\/tr>\n<tr>\n<td>TEC. 015<\/td>\n<td>Cabrera, Graciela Beatriz<\/td>\n<\/tr>\n<tr>\n<td>TEC. 016<\/td>\n<td>Melnik, Alejandra Raquel<\/td>\n<\/tr>\n<tr>\n<td>LIC. 017<\/td>\n<td>Yablonsky, Natalia Roc\u00edo<\/td>\n<\/tr>\n<tr>\n<td>TEC. 018<\/td>\n<td>Romero, Francisco Nicol\u00e1s<\/td>\n<\/tr>\n<tr>\n<td>TEC. 019<\/td>\n<td>Flores, Carmen Elizabeth<\/td>\n<\/tr>\n<tr>\n<td>TEC. 020<\/td>\n<td>Caruza, Mariana Luj\u00e1n<\/td>\n<\/tr>\n<tr>\n<td>TEC. 021<\/td>\n<td>Ram\u00edrez, Daniel Alberto<\/td>\n<\/tr>\n<tr>\n<td>TEC. 022<\/td>\n<td>Seewald, Nancy Mabel<\/td>\n<\/tr>\n<tr>\n<td>TEC. 023<\/td>\n<td>Da Silva, Claudia Ver\u00f3nica<\/td>\n<\/tr>\n<tr>\n<td>TEC. 024<\/td>\n<td>Mart\u00ednez, Cristian David<\/td>\n<\/tr>\n<tr>\n<td>TEC. 025<\/td>\n<td>Montenegro, Mariana Soledad<\/td>\n<\/tr>\n<tr>\n<td>LIC. 026<\/td>\n<td>Sommerfelt, Maria Mercedes Lori<\/td>\n<\/tr>\n<tr>\n<td>TEC. 027<\/td>\n<td>Bader, Pabla Margarita<\/td>\n<\/tr>\n<tr>\n<td>TEC. 028<\/td>\n<td>Gerloff, Maria Elena<\/td>\n<\/tr>\n<tr>\n<td>TEC. 029<\/td>\n<td>Centurion, Maria Laura<\/td>\n<\/tr>\n<tr>\n<td>TEC. 030<\/td>\n<td>Canteros, Natalia Gilda<\/td>\n<\/tr>\n<tr>\n<td>LIC. 031<\/td>\n<td>Fernandez, Marcela Beatriz<\/td>\n<\/tr>\n<tr>\n<td>TEC. 032<\/td>\n<td>Moreau, Valeria Jacquelina<\/td>\n<\/tr>\n<tr>\n<td>TEC. 033<\/td>\n<td>Burger, Mariana Marlene<\/td>\n<\/tr>\n<tr>\n<td>TEC. 034<\/td>\n<td>Vesga, Corral, Agustina<\/td>\n<\/tr>\n<tr>\n<td>TEC. 035<\/td>\n<td>Fleitas, Gladis Beatriz<\/td>\n<\/tr>\n<tr>\n<td>TEC. 036<\/td>\n<td>Montero, M\u00f3nica Elizabeth<\/td>\n<\/tr>\n<tr>\n<td>TEC. 037<\/td>\n<td>Portillo, Marta Susana<\/td>\n<\/tr>\n<tr>\n<td>TEC. 038<\/td>\n<td>Creiman, Cecilia Evelyn<\/td>\n<\/tr>\n<tr>\n<td>TEC. 039<\/td>\n<td>Vega, Sara Noelia<\/td>\n<\/tr>\n<tr>\n<td>TEC. 040<\/td>\n<td>Barrios, Viviana Raquel<\/td>\n<\/tr>\n<tr>\n<td>TEC. 041<\/td>\n<td>Gadea, Mar\u00eda Daniela<\/td>\n<\/tr>\n<tr>\n<td>LIC. 042<\/td>\n<td>Correa, L\u00eda<\/td>\n<\/tr>\n<tr>\n<td>TEC. 043<\/td>\n<td>Kilimik, Silvia Vanina<\/td>\n<\/tr>\n<tr>\n<td>TEC. 044<\/td>\n<td>Miguez, Carla Mabel<\/td>\n<\/tr>\n<tr>\n<td>LIC. 045<\/td>\n<td>Troche, Isabel<\/td>\n<\/tr>\n<tr>\n<td>TEC. 046<\/td>\n<td>Ayala, Cintia Roxana<\/td>\n<\/tr>\n<tr>\n<td>TEC. 047<\/td>\n<td>Ram\u00edrez, Ver\u00f3nica<\/td>\n<\/tr>\n<tr>\n<td>TEC. 048<\/td>\n<td>Lezcano, Alejandra Cristina<\/td>\n<\/tr>\n<tr>\n<td>TEC. 049<\/td>\n<td>S\u00e1nchez, Mart\u00edn Maximiliano<\/td>\n<\/tr>\n<tr>\n<td>TEC. 050<\/td>\n<td>Niveiro, Priscila Ileana<\/td>\n<\/tr>\n<tr>\n<td>TEC. 051<\/td>\n<td>Guti\u00e9rrez Romero, Rosa Mariela Bel\u00e9n<\/td>\n<\/tr>\n<tr>\n<td>TEC. 052<\/td>\n<td>Karabyn, Andrea Carolina<\/td>\n<\/tr>\n<tr>\n<td>TEC. 053<\/td>\n<td>Ferreyra, Lucy Anal\u00eda<\/td>\n<\/tr>\n<tr>\n<td>TEC. 054<\/td>\n<td>Gonz\u00e1lez, Patricia Elizabeth<\/td>\n<\/tr>\n<tr>\n<td>TEC. 055<\/td>\n<td>Gonz\u00e1les, Alberto Daniel<\/td>\n<\/tr>\n<tr>\n<td>TEC. 056<\/td>\n<td>Cabrera Diarte, Micia Mabel<\/td>\n<\/tr>\n<tr>\n<td>TEC. 057<\/td>\n<td>Godoy, Alejandra Raquel<\/td>\n<\/tr>\n<tr>\n<td>TEC. 058<\/td>\n<td>Ayala, Mariana Cecilia<\/td>\n<\/tr>\n<tr>\n<td>TEC. 059<\/td>\n<td>Pav\u00f3n, Lidia<\/td>\n<\/tr>\n<tr>\n<td>TEC. 060<\/td>\n<td>Yost, Marcela Carina<\/td>\n<\/tr>\n<tr>\n<td>TEC. 061<\/td>\n<td>Maidana, Mar\u00eda De Los \u00c1ngeles<\/td>\n<\/tr>\n<tr>\n<td>TEC. 062<\/td>\n<td>S\u00e1nchez, Claudia Beatriz<\/td>\n<\/tr>\n<tr>\n<td>TEC. 063<\/td>\n<td>Cantero, Melisa Daniela<\/td>\n<\/tr>\n<tr>\n<td>TEC. 064<\/td>\n<td>Benitez, Adri\u00e1n Virgilio<\/td>\n<\/tr>\n<tr>\n<td>TEC. 065<\/td>\n<td>Rojas. Rosana Elizabeth<\/td>\n<\/tr>\n<tr>\n<td>TEC. 066<\/td>\n<td>Bahniuk, Nadia Veronica<\/td>\n<\/tr>\n<tr>\n<td>TEC. 067<\/td>\n<td>Schmidt, Nancy Marisel<\/td>\n<\/tr>\n<tr>\n<td>TEC. 068<\/td>\n<td>Cura, Claudia Celeste<\/td>\n<\/tr>\n<tr>\n<td>TEC. 069<\/td>\n<td>Ibarrola, Iv\u00f3n Anyelen<\/td>\n<\/tr>\n<tr>\n<td>TEC. 070<\/td>\n<td>Lucas Ada, Patricia<\/td>\n<\/tr>\n<tr>\n<td>TEC. 071<\/td>\n<td>L\u00f3pez, Mar\u00eda Elisa<\/td>\n<\/tr>\n<tr>\n<td>TEC. 072<\/td>\n<td>Mora, Adri\u00e1n Franco<\/td>\n<\/tr>\n<tr>\n<td>LIC. 073<\/td>\n<td>Nuss Orbani, Maria Cecilia<\/td>\n<\/tr>\n<tr>\n<td>TEC. 074<\/td>\n<td>Vaz, Daina Iv\u00f3n<\/td>\n<\/tr>\n<tr>\n<td>TEC. 075<\/td>\n<td>Gonz\u00e1lez, Karina Rosal\u00eda<\/td>\n<\/tr>\n<tr>\n<td>TEC. 076<\/td>\n<td>Beyer, Adriana Lorena<\/td>\n<\/tr>\n<tr>\n<td>TEC. 077<\/td>\n<td>Fernandez, Silvana<\/td>\n<\/tr>\n<tr>\n<td>TEC. 078<\/td>\n<td>Arce, Roc\u00edo Marina Itat\u00ed<\/td>\n<\/tr>\n<tr>\n<td>TEC. 079<\/td>\n<td>Gunther, Juan Pablo<\/td>\n<\/tr>\n<tr>\n<td>LIC. 080<\/td>\n<td>Vera, Mar\u00eda Melania<\/td>\n<\/tr>\n<tr>\n<td>TEC. 081<\/td>\n<td>Alvarez, Yessica Natalia<\/td>\n<\/tr>\n<tr>\n<td>TEC. 082<\/td>\n<td>Sabluk Escobar, Yanina Elizabeth<\/td>\n<\/tr>\n<tr>\n<td>TEC. 083<\/td>\n<td>Gomez, Griselda Nora<\/td>\n<\/tr>\n<tr>\n<td>TEC. 084<\/td>\n<td>Rodriguez, Rocio Marianela<\/td>\n<\/tr>\n<tr>\n<td>TEC. 085<\/td>\n<td>Machado, Fabiana Noemi<\/td>\n<\/tr>\n<tr>\n<td>TEC. 086<\/td>\n<td>Anelli, Tatiana Emilse<\/td>\n<\/tr>\n<tr>\n<td>LIC. 087<\/td>\n<td>Gauna, Mariela Beatriz<\/td>\n<\/tr>\n<tr>\n<td>TEC. 088<\/td>\n<td>Alegre, Rosana Mar\u00eda<\/td>\n<\/tr>\n<tr>\n<td>TEC. 089<\/td>\n<td>Regner, Vivian Janet Georgina<\/td>\n<\/tr>\n<tr>\n<td>TEC. 090<\/td>\n<td>Portolan, Elisabeth Cristina<\/td>\n<\/tr>\n<tr>\n<td>TEC. 091<\/td>\n<td>Mac\u00edas, Agostina<\/td>\n<\/tr>\n<tr>\n<td>TEC. 092<\/td>\n<td>Gonz\u00e1lez, Juan Eduardo<\/td>\n<\/tr>\n<tr>\n<td>TEC. 093<\/td>\n<td>Felitas, Debora Yamila<\/td>\n<\/tr>\n<tr>\n<td>LIC. 094<\/td>\n<td>Turtola, Adriana Silvia<\/td>\n<\/tr>\n<tr>\n<td>TEC. 095<\/td>\n<td>Insabralde, Elida Joaquina<\/td>\n<\/tr>\n<tr>\n<td>TEC. 096<\/td>\n<td>Peralta, Sonia Genoveva<\/td>\n<\/tr>\n<tr>\n<td>TEC. 097<\/td>\n<td>Mar\u00edn, Laura Lorena<\/td>\n<\/tr>\n<tr>\n<td>TEC. 098<\/td>\n<td>Rodriguez, Luciana Carolina<\/td>\n<\/tr>\n<tr>\n<td>TEC. 099<\/td>\n<td>C\u00e1ceres Yaya, Valeria Del Mar<\/td>\n<\/tr>\n<tr>\n<td>TEC. 100<\/td>\n<td>Beltramelli, Leiza Dahiana<\/td>\n<\/tr>\n<tr>\n<td>TEC. 101<\/td>\n<td>Romero Soledad, Mar\u00eda Cristina<\/td>\n<\/tr>\n<tr>\n<td>TEC. 102<\/td>\n<td>Lencina, Ramona Ana<\/td>\n<\/tr>\n<tr>\n<td>TEC. 103<\/td>\n<td>Duarte, Miriam Del Carmen<\/td>\n<\/tr>\n<tr>\n<td>TEC. 104<\/td>\n<td>Rojas, Patricia Rosana<\/td>\n<\/tr>\n<tr>\n<td>TEC. 105<\/td>\n<td>Takamatsu, M\u00f3nica Liliana<\/td>\n<\/tr>\n<tr>\n<td>TEC. 106<\/td>\n<td>Gimenez, Teresita Beatriz<\/td>\n<\/tr>\n<tr>\n<td>TEC. 107<\/td>\n<td>Alvez, Mirian Haydee<\/td>\n<\/tr>\n<tr>\n<td>TEC. 108<\/td>\n<td>Baez, Valeria Fabiana<\/td>\n<\/tr>\n<tr>\n<td>TEC. 109<\/td>\n<td>G\u00f3mez, Natalia Itat\u00ed<\/td>\n<\/tr>\n<tr>\n<td>TEC. 110<\/td>\n<td>Lopez, Carina Alicia<\/td>\n<\/tr>\n<tr>\n<td>TEC. 111<\/td>\n<td>Meza, Roc\u00edo Anabella<\/td>\n<\/tr>\n<tr>\n<td>TEC. 112<\/td>\n<td>Franco Domato, Aldana Daniela<\/td>\n<\/tr>\n<tr>\n<td>TEC. 113<\/td>\n<td>Marchiotti, Adriana Luc\u00eda<\/td>\n<\/tr>\n<tr>\n<td>TEC. 114<\/td>\n<td>Romero, Alma Marianela<\/td>\n<\/tr>\n<tr>\n<td>TEC. 115<\/td>\n<td>Gomez, Ail\u00e9n Carolina<\/td>\n<\/tr>\n<tr>\n<td>TEC. 116<\/td>\n<td>Poley, Irma Karina<\/td>\n<\/tr>\n<tr>\n<td>LIC. 117<\/td>\n<td>Hahn, Georgina Alejandra<\/td>\n<\/tr>\n<tr>\n<td>TEC. 118<\/td>\n<td>Gerula, Gladys Paola<\/td>\n<\/tr>\n<tr>\n<td>TEC. 119<\/td>\n<td>Gonzalez, Gladys Beatriz<\/td>\n<\/tr>\n<tr>\n<td>TEC. 120<\/td>\n<td>Ayala, Ramona Elba<\/td>\n<\/tr>\n<tr>\n<td>TEC. 121<\/td>\n<td>Cardozo, Ver\u00f3nica Beatriz<\/td>\n<\/tr>\n<tr>\n<td>TEC. 122<\/td>\n<td>Rodriguez, Mario Ariel<\/td>\n<\/tr>\n<tr>\n<td>TEC. 123<\/td>\n<td>Mendoza, Carolina Alejandra<\/td>\n<\/tr>\n<tr>\n<td>LIC. 124<\/td>\n<td>Sanchez, Mariana Gladys<\/td>\n<\/tr>\n<tr>\n<td>TEC. 125<\/td>\n<td>Avalos, Jorge Daniel<\/td>\n<\/tr>\n<tr>\n<td>TEC. 126<\/td>\n<td>Sosa, Nelida Noem\u00ed<\/td>\n<\/tr>\n<tr>\n<td>LIC. 127<\/td>\n<td>Berm\u00fadez, Eunice Paola<\/td>\n<\/tr>\n<tr>\n<td>TEC. 128<\/td>\n<td>Fraga, Denisse Vanessa<\/td>\n<\/tr>\n<tr>\n<td>LIC. 129<\/td>\n<td>Koch, Sara Nora<\/td>\n<\/tr>\n<tr>\n<td>TEC. 130<\/td>\n<td>Moya, Rita Cristina<\/td>\n<\/tr>\n<tr>\n<td>TEC. 131<\/td>\n<td>Sieb, Evelin Carolina<\/td>\n<\/tr>\n<tr>\n<td>TEC. 132<\/td>\n<td>Kelm, Carlos Axel<\/td>\n<\/tr>\n<tr>\n<td>TEC. 133<\/td>\n<td>Lopardo, Aldana Bel\u00e9n<\/td>\n<\/tr>\n<tr>\n<td>TEC. 134<\/td>\n<td>Studinski, Zulema Matilde<\/td>\n<\/tr>\n<tr>\n<td>TEC. 135<\/td>\n<td>Chuquel, Florencia Vanina<\/td>\n<\/tr>\n<tr>\n<td>TEC. 136<\/td>\n<td>Ferreira, Tom\u00e1s H\u00e9ctor<\/td>\n<\/tr>\n<tr>\n<td>TEC. 137<\/td>\n<td>Flores, Norma Beatriz<\/td>\n<\/tr>\n<tr>\n<td>TEC. 138<\/td>\n<td>Ca\u00f1ete, Rossana Andrea<\/td>\n<\/tr>\n<\/tbody>\n<\/table>\n","protected":false},"excerpt":{"rendered":"<p>Padr\u00f3n de Instrumentadores Quir\u00fargicos Matriculados N\u00b0 Matr\u00edcula Apellido y nombre TEC. 001 Martins, Miryan Roxana LIC. 002 Chamorro, Romina Anhal\u00eda LIC. 003 Barrios, Patricia Azucena LIC. 004 Ayala, Marisa Cecilia TEC. 005 N\u00fa\u00f1ez, Rodrigo Andr\u00e9s TEC. 006 Behar, Mar\u00eda Paula TEC. 007 Coutinho Da Silva, Gabriel Hern\u00e1n TEC. 008 Pichkar, Melina Magali LIC. 009 Lugo, [&hellip;]<\/p>\n","protected":false},"author":1,"featured_media":0,"parent":0,"menu_order":0,"comment_status":"closed","ping_status":"closed","template":"","meta":{"_monsterinsights_skip_tracking":false,"_monsterinsights_sitenote_active":false,"_monsterinsights_sitenote_note":"","_monsterinsights_sitenote_category":0,"footnotes":""},"class_list":["post-1632","page","type-page","status-publish","hentry","entry"],"_links":{"self":[{"href":"https:\/\/copiqmisiones.ar\/index.php?rest_route=\/wp\/v2\/pages\/1632","targetHints":{"allow":["GET"]}}],"collection":[{"href":"https:\/\/copiqmisiones.ar\/index.php?rest_route=\/wp\/v2\/pages"}],"about":[{"href":"https:\/\/copiqmisiones.ar\/index.php?rest_route=\/wp\/v2\/types\/page"}],"author":[{"embeddable":true,"href":"https:\/\/copiqmisiones.ar\/index.php?rest_route=\/wp\/v2\/users\/1"}],"replies":[{"embeddable":true,"href":"https:\/\/copiqmisiones.ar\/index.php?rest_route=%2Fwp%2Fv2%2Fcomments&post=1632"}],"version-history":[{"count":79,"href":"https:\/\/copiqmisiones.ar\/index.php?rest_route=\/wp\/v2\/pages\/1632\/revisions"}],"predecessor-version":[{"id":1917,"href":"https:\/\/copiqmisiones.ar\/index.php?rest_route=\/wp\/v2\/pages\/1632\/revisions\/1917"}],"wp:attachment":[{"href":"https:\/\/copiqmisiones.ar\/index.php?rest_route=%2Fwp%2Fv2%2Fmedia&parent=1632"}],"curies":[{"name":"wp","href":"https:\/\/api.w.org\/{rel}","templated":true}]}}